{"id":5132,"date":"2024-09-20T16:29:35","date_gmt":"2024-09-20T16:29:35","guid":{"rendered":"https:\/\/indiyhca.com\/news\/"},"modified":"2024-10-23T12:08:35","modified_gmt":"2024-10-23T12:08:35","slug":"news","status":"publish","type":"page","link":"https:\/\/indiyhca.com\/en\/news\/","title":{"rendered":"News"},"content":{"rendered":"\t\t<div data-elementor-type=\"wp-page\" data-elementor-id=\"5132\" class=\"elementor elementor-5132 elementor-4229\" data-elementor-post-type=\"page\">\n\t\t\t\t\t\t<section class=\"elementor-section elementor-top-section elementor-element elementor-element-f53eefd elementor-section-boxed elementor-section-height-default elementor-section-height-default\" data-id=\"f53eefd\" data-element_type=\"section\" data-settings=\"{&quot;_ha_eqh_enable&quot;:false}\">\n\t\t\t\t\t\t<div class=\"elementor-container elementor-column-gap-default\">\n\t\t\t\t\t<div class=\"elementor-column elementor-col-100 elementor-top-column elementor-element elementor-element-c3fb75b\" data-id=\"c3fb75b\" data-element_type=\"column\">\n\t\t\t<div class=\"elementor-widget-wrap elementor-element-populated\">\n\t\t\t\t\t\t<div class=\"elementor-element elementor-element-5edb8ed nav-left elementor-widget elementor-widget-wgl-blog\" data-id=\"5edb8ed\" data-element_type=\"widget\" data-settings=\"{&quot;blog_columns&quot;:&quot;12&quot;}\" data-widget_type=\"wgl-blog.default\">\n\t\t\t\t<div class=\"elementor-widget-container\">\n\t\t\t<section class=\"wgl_cpt_section\"><div class=\"blog-posts\"><div class=\"container-grid row blog_columns-1 grid blog-style-standard\">    <div class=\"item wgl_col-12\">\n    <div class=\"blog-post format-standard-image\">\n    <div class=\"blog-post_wrapper\"><div class=\"blog-post_media\"><div class=\"blog-post_media_part\"><a href=\"https:\/\/indiyhca.com\/en\/los-rabanes-rock-and-party-at-indiyhca-events\/\" class=\"media-link image-overlay\"><img decoding=\"async\" src=\"https:\/\/indiyhca.com\/wp-content\/uploads\/2023\/05\/rabanes-1-scaled-1-1170x700-1-1170x700.webp\" alt=\"rabanes-1-scaled-1-1170&#215;700\"><\/a><\/div><span class=\"post_date\">May 30, 2023<\/span><\/div>    <div class=\"blog-post_content\"><div class=\"post_meta-wrap\"><div class=\"meta-data\"><span class=\"post_categories\"><span><a  href=\"https:\/\/indiyhca.com\/en\/category\/artists\/\" >ARTISTS<\/a><\/span><\/span><\/div><\/div><h3 class=\"blog-post_title\"><a href=\"https:\/\/indiyhca.com\/en\/los-rabanes-rock-and-party-at-indiyhca-events\/\">Los Rabanes: Rock and Party at INDIYHCA Events<\/a><\/h3><div class=\"blog-post_text\">When Los Rabanes performed at one of the events organized by INDIYHCA, the atmosphere was one of pure energy. The legendary Panamanian Latin rock band lit up the stage with their powerful...<\/div><div class=\"clear\"><\/div><div class=\"blog-post_footer\">            <div class=\"read-more-wrap\">\n                <a href=\"https:\/\/indiyhca.com\/en\/los-rabanes-rock-and-party-at-indiyhca-events\/\" class=\"button-read-more \"><span>Read More<\/span>                <\/a>\n            <\/div><div class=\"post_meta-wrap\"><\/div>    <\/div>\n    <\/div>\n    <\/div>\n    <\/div>\n    <\/div>    <div class=\"item wgl_col-12\">\n    <div class=\"blog-post format-standard-image\">\n    <div class=\"blog-post_wrapper\"><div class=\"blog-post_media\"><div class=\"blog-post_media_part\"><a href=\"https:\/\/indiyhca.com\/en\/junoma-innovation-and-success-in-every-presentation\/\" class=\"media-link image-overlay\"><img decoding=\"async\" src=\"https:\/\/indiyhca.com\/wp-content\/uploads\/2023\/05\/IMG_0172-scaled-1170x700-1-1170x700.webp\" alt=\"IMG_0172-scaled-1170&#215;700\"><\/a><\/div><span class=\"post_date\">May 30, 2023<\/span><\/div>    <div class=\"blog-post_content\"><div class=\"post_meta-wrap\"><div class=\"meta-data\"><span class=\"post_categories\"><span><a  href=\"https:\/\/indiyhca.com\/en\/category\/artists\/\" >ARTISTS<\/a><\/span><\/span><\/div><\/div><h3 class=\"blog-post_title\"><a href=\"https:\/\/indiyhca.com\/en\/junoma-innovation-and-success-in-every-presentation\/\">JUNOMA: Innovation and Success in Every Presentation<\/a><\/h3><div class=\"blog-post_text\">At the event where JUNOMA was the main artist, INDIYHCA once again demonstrated its ability to produce high-level experiences. The Colombian singer-songwriter, recognized for his innovative and...<\/div><div class=\"clear\"><\/div><div class=\"blog-post_footer\">            <div class=\"read-more-wrap\">\n                <a href=\"https:\/\/indiyhca.com\/en\/junoma-innovation-and-success-in-every-presentation\/\" class=\"button-read-more \"><span>Read More<\/span>                <\/a>\n            <\/div><div class=\"post_meta-wrap\"><\/div>    <\/div>\n    <\/div>\n    <\/div>\n    <\/div>\n    <\/div>    <div class=\"item wgl_col-12\">\n    <div class=\"blog-post format-standard-image\">\n    <div class=\"blog-post_wrapper\"><div class=\"blog-post_media\"><div class=\"blog-post_media_part\"><a href=\"https:\/\/indiyhca.com\/en\/joey-montana-an-unforgettable-show-with-the-unique-touch-of-indiyhca\/\" class=\"media-link image-overlay\"><img decoding=\"async\" src=\"https:\/\/indiyhca.com\/wp-content\/uploads\/2023\/05\/IMG_0180-1170x700-1-1170x700.webp\" alt=\"IMG_0180-1170&#215;700\"><\/a><\/div><span class=\"post_date\">May 30, 2023<\/span><\/div>    <div class=\"blog-post_content\"><div class=\"post_meta-wrap\"><div class=\"meta-data\"><span class=\"post_categories\"><span><a  href=\"https:\/\/indiyhca.com\/en\/category\/artists\/\" >ARTISTS<\/a><\/span><\/span><\/div><\/div><h3 class=\"blog-post_title\"><a href=\"https:\/\/indiyhca.com\/en\/joey-montana-an-unforgettable-show-with-the-unique-touch-of-indiyhca\/\">Joey Montana: An Unforgettable Show with the Unique Touch of INDIYHCA<\/a><\/h3><div class=\"blog-post_text\">The event with the presence of Panamanian artist Joey Montana was one of the highlights organized by INDIYHCA. With his charisma and his musical hits, Joey managed to captivate all attendees, who did...<\/div><div class=\"clear\"><\/div><div class=\"blog-post_footer\">            <div class=\"read-more-wrap\">\n                <a href=\"https:\/\/indiyhca.com\/en\/joey-montana-an-unforgettable-show-with-the-unique-touch-of-indiyhca\/\" class=\"button-read-more \"><span>Read More<\/span>                <\/a>\n            <\/div><div class=\"post_meta-wrap\"><\/div>    <\/div>\n    <\/div>\n    <\/div>\n    <\/div>\n    <\/div>    <div class=\"item wgl_col-12\">\n    <div class=\"blog-post format-standard-image\">\n    <div class=\"blog-post_wrapper\"><div class=\"blog-post_media\"><div class=\"blog-post_media_part\"><a href=\"https:\/\/indiyhca.com\/en\/inaugurations-the-first-step-towards-the-success-of-your-project\/\" class=\"media-link image-overlay\"><img decoding=\"async\" src=\"https:\/\/indiyhca.com\/wp-content\/uploads\/2023\/05\/evento2-1170x700.png\" alt=\"evento2\"><\/a><\/div><span class=\"post_date\">May 30, 2023<\/span><\/div>    <div class=\"blog-post_content\"><div class=\"post_meta-wrap\"><div class=\"meta-data\"><span class=\"post_categories\"><span><a  href=\"https:\/\/indiyhca.com\/en\/category\/inaugurations\/\" >INAUGURATIONS<\/a><\/span><\/span><\/div><\/div><h3 class=\"blog-post_title\"><a href=\"https:\/\/indiyhca.com\/en\/inaugurations-the-first-step-towards-the-success-of-your-project\/\">INAUGURATIONS: The First Step Towards the Success of Your Project<\/a><\/h3><div class=\"blog-post_text\">Openings mark the beginning of a new chapter for any business or project, and at INDIYHCA we know the importance of creating an impactful opening that leaves a lasting impression. Our team...<\/div><div class=\"clear\"><\/div><div class=\"blog-post_footer\">            <div class=\"read-more-wrap\">\n                <a href=\"https:\/\/indiyhca.com\/en\/inaugurations-the-first-step-towards-the-success-of-your-project\/\" class=\"button-read-more \"><span>Read More<\/span>                <\/a>\n            <\/div><div class=\"post_meta-wrap\"><\/div>    <\/div>\n    <\/div>\n    <\/div>\n    <\/div>\n    <\/div>    <div class=\"item wgl_col-12\">\n    <div class=\"blog-post format-standard-image\">\n    <div class=\"blog-post_wrapper\"><div class=\"blog-post_media\"><div class=\"blog-post_media_part\"><a href=\"https:\/\/indiyhca.com\/en\/business-events-powering-your-brand-with-successful-corporate-events\/\" class=\"media-link image-overlay\"><img decoding=\"async\" src=\"https:\/\/indiyhca.com\/wp-content\/uploads\/2023\/05\/evento-1170x700.png\" alt=\"evento\"><\/a><\/div><span class=\"post_date\">May 30, 2023<\/span><\/div>    <div class=\"blog-post_content\"><div class=\"post_meta-wrap\"><div class=\"meta-data\"><span class=\"post_categories\"><span><a  href=\"https:\/\/indiyhca.com\/en\/category\/corporate-events\/\" >CORPORATE EVENTS<\/a><\/span><\/span><\/div><\/div><h3 class=\"blog-post_title\"><a href=\"https:\/\/indiyhca.com\/en\/business-events-powering-your-brand-with-successful-corporate-events\/\">BUSINESS EVENTS: Powering Your Brand with Successful Corporate Events<\/a><\/h3><div class=\"blog-post_text\">Corporate events are a key opportunity to strengthen your brand image, connect with clients and generate new business opportunities. At INDIYHCA, we are experts in creating corporate events that make...<\/div><div class=\"clear\"><\/div><div class=\"blog-post_footer\">            <div class=\"read-more-wrap\">\n                <a href=\"https:\/\/indiyhca.com\/en\/business-events-powering-your-brand-with-successful-corporate-events\/\" class=\"button-read-more \"><span>Read More<\/span>                <\/a>\n            <\/div><div class=\"post_meta-wrap\"><\/div>    <\/div>\n    <\/div>\n    <\/div>\n    <\/div>\n    <\/div>    <div class=\"item wgl_col-12\">\n    <div class=\"blog-post format-standard-image\">\n    <div class=\"blog-post_wrapper\"><div class=\"blog-post_media\"><div class=\"blog-post_media_part\"><a href=\"https:\/\/indiyhca.com\/en\/baptisms-creating-meaningful-celebrations\/\" class=\"media-link image-overlay\"><img decoding=\"async\" src=\"https:\/\/indiyhca.com\/wp-content\/uploads\/2023\/05\/bautizo-1170x700.png\" alt=\"bautizo\"><\/a><\/div><span class=\"post_date\">May 30, 2023<\/span><\/div>    <div class=\"blog-post_content\"><div class=\"post_meta-wrap\"><div class=\"meta-data\"><span class=\"post_categories\"><span><a  href=\"https:\/\/indiyhca.com\/en\/category\/baptisms\/\" >BAPTISMS<\/a><\/span><\/span><\/div><\/div><h3 class=\"blog-post_title\"><a href=\"https:\/\/indiyhca.com\/en\/baptisms-creating-meaningful-celebrations\/\">BAPTISMS: Creating Meaningful Celebrations<\/a><\/h3><div class=\"blog-post_text\">The christening is a moment full of meaning for any family, and at INDIYHCA we specialize in organizing elegant christenings that combine warmth, spirituality and emotion. We understand the...<\/div><div class=\"clear\"><\/div><div class=\"blog-post_footer\">            <div class=\"read-more-wrap\">\n                <a href=\"https:\/\/indiyhca.com\/en\/baptisms-creating-meaningful-celebrations\/\" class=\"button-read-more \"><span>Read More<\/span>                <\/a>\n            <\/div><div class=\"post_meta-wrap\"><\/div>    <\/div>\n    <\/div>\n    <\/div>\n    <\/div>\n    <\/div>    <div class=\"item wgl_col-12\">\n    <div class=\"blog-post format-standard-image\">\n    <div class=\"blog-post_wrapper\"><div class=\"blog-post_media\"><div class=\"blog-post_media_part\"><a href=\"https:\/\/indiyhca.com\/en\/birthdays-how-to-create-parties-that-make-an-impression\/\" class=\"media-link image-overlay\"><img decoding=\"async\" src=\"https:\/\/indiyhca.com\/wp-content\/uploads\/2023\/05\/cumple-1170x700.png\" alt=\"cumple\"><\/a><\/div><span class=\"post_date\">May 30, 2023<\/span><\/div>    <div class=\"blog-post_content\"><div class=\"post_meta-wrap\"><div class=\"meta-data\"><span class=\"post_categories\"><span><a  href=\"https:\/\/indiyhca.com\/en\/category\/birthdays\/\" >BIRTHDAYS<\/a><\/span><\/span><\/div><\/div><h3 class=\"blog-post_title\"><a href=\"https:\/\/indiyhca.com\/en\/birthdays-how-to-create-parties-that-make-an-impression\/\">BIRTHDAYS: How to Create Parties that Make an Impression<\/a><\/h3><div class=\"blog-post_text\">Are you looking for the best way to celebrate a special birthday? At INDIYHCA we are experts in organizing personalized birthdays, designed to fit your wishes and make every celebration a memorable...<\/div><div class=\"clear\"><\/div><div class=\"blog-post_footer\">            <div class=\"read-more-wrap\">\n                <a href=\"https:\/\/indiyhca.com\/en\/birthdays-how-to-create-parties-that-make-an-impression\/\" class=\"button-read-more \"><span>Read More<\/span>                <\/a>\n            <\/div><div class=\"post_meta-wrap\"><\/div>    <\/div>\n    <\/div>\n    <\/div>\n    <\/div>\n    <\/div><\/div><\/div><ul class=\"wgl-pagination\"><li class='page'><span aria-current=\"page\" class=\"page-numbers current\">1<\/span><\/li><li class='page'><a class=\"page-numbers\" href=\"https:\/\/indiyhca.com\/en\/wp-json\/wp\/v2\/pages\/5132\/page\/2\/\">2<\/a><\/li><li class='page'><a class=\"next page-numbers\" href=\"https:\/\/indiyhca.com\/en\/wp-json\/wp\/v2\/pages\/5132\/page\/2\/\"><i class=\"wgl_pagination_next flaticon flaticon-right\"><\/i><\/a><\/li><\/ul><\/section>\t\t<\/div>\n\t\t\t\t<\/div>\n\t\t\t\t\t<\/div>\n\t\t<\/div>\n\t\t\t\t\t<\/div>\n\t\t<\/section>\n\t\t\t\t<\/div>\n\t\t","protected":false},"excerpt":{"rendered":"<p>mayo 30, 2023 ARTISTAS Los Rabanes: Rock y Fiesta en los Eventos de INDIYHCA Cuando Los Rabanes se presentaron en uno de los eventos organizados por INDIYHCA, el ambiente fue de pura energ\u00eda. La legendaria banda paname\u00f1a de rock latino encendi\u00f3 el escenario con sus poderosas&#8230; Read More mayo 30, 2023 ARTISTAS JUNOMA: Innovaci\u00f3n y [&hellip;]<\/p>\n","protected":false},"author":1,"featured_media":0,"parent":0,"menu_order":0,"comment_status":"closed","ping_status":"closed","template":"","meta":{"footnotes":""},"class_list":["post-5132","page","type-page","status-publish","hentry"],"_links":{"self":[{"href":"https:\/\/indiyhca.com\/en\/wp-json\/wp\/v2\/pages\/5132"}],"collection":[{"href":"https:\/\/indiyhca.com\/en\/wp-json\/wp\/v2\/pages"}],"about":[{"href":"https:\/\/indiyhca.com\/en\/wp-json\/wp\/v2\/types\/page"}],"author":[{"embeddable":true,"href":"https:\/\/indiyhca.com\/en\/wp-json\/wp\/v2\/users\/1"}],"replies":[{"embeddable":true,"href":"https:\/\/indiyhca.com\/en\/wp-json\/wp\/v2\/comments?post=5132"}],"version-history":[{"count":2,"href":"https:\/\/indiyhca.com\/en\/wp-json\/wp\/v2\/pages\/5132\/revisions"}],"predecessor-version":[{"id":5349,"href":"https:\/\/indiyhca.com\/en\/wp-json\/wp\/v2\/pages\/5132\/revisions\/5349"}],"wp:attachment":[{"href":"https:\/\/indiyhca.com\/en\/wp-json\/wp\/v2\/media?parent=5132"}],"curies":[{"name":"wp","href":"https:\/\/api.w.org\/{rel}","templated":true}]}}