{"id":5130,"date":"2024-09-20T16:29:35","date_gmt":"2024-09-20T16:29:35","guid":{"rendered":"https:\/\/indiyhca.com\/%d8%a7%d9%84%d8%a3%d8%ae%d8%a8%d8%a7%d8%b1\/"},"modified":"2024-10-23T12:08:35","modified_gmt":"2024-10-23T12:08:35","slug":"%d8%a7%d9%84%d8%a3%d8%ae%d8%a8%d8%a7%d8%b1","status":"publish","type":"page","link":"https:\/\/indiyhca.com\/ar\/%d8%a7%d9%84%d8%a3%d8%ae%d8%a8%d8%a7%d8%b1\/","title":{"rendered":"\u0627\u0644\u0623\u062e\u0628\u0627\u0631"},"content":{"rendered":"\t\t<div data-elementor-type=\"wp-page\" data-elementor-id=\"5130\" class=\"elementor elementor-5130 elementor-4229\" data-elementor-post-type=\"page\">\n\t\t\t\t\t\t<section class=\"elementor-section elementor-top-section elementor-element elementor-element-f53eefd elementor-section-boxed elementor-section-height-default elementor-section-height-default\" data-id=\"f53eefd\" data-element_type=\"section\" data-settings=\"{&quot;_ha_eqh_enable&quot;:false}\">\n\t\t\t\t\t\t<div class=\"elementor-container elementor-column-gap-default\">\n\t\t\t\t\t<div class=\"elementor-column elementor-col-100 elementor-top-column elementor-element elementor-element-c3fb75b\" data-id=\"c3fb75b\" data-element_type=\"column\">\n\t\t\t<div class=\"elementor-widget-wrap elementor-element-populated\">\n\t\t\t\t\t\t<div class=\"elementor-element elementor-element-5edb8ed nav-left elementor-widget elementor-widget-wgl-blog\" data-id=\"5edb8ed\" data-element_type=\"widget\" data-settings=\"{&quot;blog_columns&quot;:&quot;12&quot;}\" data-widget_type=\"wgl-blog.default\">\n\t\t\t\t<div class=\"elementor-widget-container\">\n\t\t\t<section class=\"wgl_cpt_section\"><div class=\"blog-posts\"><div class=\"container-grid row blog_columns-1 grid blog-style-standard\">    <div class=\"item wgl_col-12\">\n    <div class=\"blog-post format-standard-image\">\n    <div class=\"blog-post_wrapper\"><div class=\"blog-post_media\"><div class=\"blog-post_media_part\"><a href=\"https:\/\/indiyhca.com\/ar\/%d9%84%d9%88%d8%b3-%d8%b1%d8%a7%d8%a8%d8%a7%d9%86%d9%8a%d8%b3-%d9%85%d9%88%d8%b3%d9%8a%d9%82%d9%89-%d8%a7%d9%84%d8%b1%d9%88%d9%83-%d9%88%d8%a7%d9%84%d8%a7%d8%ad%d8%aa%d9%81%d8%a7%d9%84-%d9%81%d9%8a\/\" class=\"media-link image-overlay\"><img decoding=\"async\" src=\"https:\/\/indiyhca.com\/wp-content\/uploads\/2023\/05\/rabanes-1-scaled-1-1170x700-1-1170x700.webp\" alt=\"rabanes-1-scaled-1-1170&#215;700\"><\/a><\/div><span class=\"post_date\">\u0645\u0627\u064a\u0648 30, 2023<\/span><\/div>    <div class=\"blog-post_content\"><div class=\"post_meta-wrap\"><div class=\"meta-data\"><span class=\"post_categories\"><span><a  href=\"https:\/\/indiyhca.com\/ar\/category\/%d8%a7%d9%84%d9%81%d9%86%d8%a7%d9%86%d9%88%d9%86\/\" >\u0627\u0644\u0641\u0646\u0627\u0646\u0648\u0646<\/a><\/span><\/span><\/div><\/div><h3 class=\"blog-post_title\"><a href=\"https:\/\/indiyhca.com\/ar\/%d9%84%d9%88%d8%b3-%d8%b1%d8%a7%d8%a8%d8%a7%d9%86%d9%8a%d8%b3-%d9%85%d9%88%d8%b3%d9%8a%d9%82%d9%89-%d8%a7%d9%84%d8%b1%d9%88%d9%83-%d9%88%d8%a7%d9%84%d8%a7%d8%ad%d8%aa%d9%81%d8%a7%d9%84-%d9%81%d9%8a\/\">\u0644\u0648\u0633 \u0631\u0627\u0628\u0627\u0646\u064a\u0633: \u0645\u0648\u0633\u064a\u0642\u0649 \u0627\u0644\u0631\u0648\u0643 \u0648\u0627\u0644\u0627\u062d\u062a\u0641\u0627\u0644 \u0641\u064a \u0641\u0639\u0627\u0644\u064a\u0627\u062a INDIYHCA<\/a><\/h3><div class=\"blog-post_text\">\u0639\u0646\u062f\u0645\u0627 \u0642\u062f\u0645\u062a \u0641\u0631\u0642\u0629 &#8220;\u0644\u0648\u0633 \u0631\u0627\u0628\u0627\u0646\u064a\u0633 &#8221; \u0639\u0631\u0636\u0647\u0627 \u0641\u064a \u0625\u062d\u062f\u0649 \u0627\u0644\u0641\u0639\u0627\u0644\u064a\u0627\u062a \u0627\u0644\u062a\u064a \u0646\u0638\u0645\u0647\u0627 \u0627\u0644\u0645\u0639\u0647\u062f \u0627\u0644\u0648\u0637\u0646\u064a \u0627\u0644\u0647\u0646\u062f\u064a \u0644\u0644\u0645\u0648\u0633\u064a\u0642\u0649 \u0648\u0627\u0644\u0641\u0646\u0648\u0646 \u0627\u0644\u062c\u0645\u064a\u0644\u0629 (INDIYHCA)\u060c \u0643\u0627\u0646 \u0627\u0644\u062c\u0648 \u0627\u0644\u0639\u0627\u0645 \u0645\u0641\u0639\u0645\u0627\u064b \u0628\u0627\u0644\u0637\u0627\u0642\u0629 \u0627\u0644\u062e\u0627\u0644\u0635\u0629. \u0641\u0642\u062f \u0623\u0634\u0639\u0644\u062a \u0641\u0631\u0642\u0629 \u0627\u0644\u0631\u0648\u0643...<\/div><div class=\"clear\"><\/div><div class=\"blog-post_footer\">            <div class=\"read-more-wrap\">\n                <a href=\"https:\/\/indiyhca.com\/ar\/%d9%84%d9%88%d8%b3-%d8%b1%d8%a7%d8%a8%d8%a7%d9%86%d9%8a%d8%b3-%d9%85%d9%88%d8%b3%d9%8a%d9%82%d9%89-%d8%a7%d9%84%d8%b1%d9%88%d9%83-%d9%88%d8%a7%d9%84%d8%a7%d8%ad%d8%aa%d9%81%d8%a7%d9%84-%d9%81%d9%8a\/\" class=\"button-read-more \"><span>\u0627\u0642\u0631\u0623 \u0627\u0644\u0645\u0632\u064a\u062f<\/span>                <\/a>\n            <\/div><div class=\"post_meta-wrap\"><\/div>    <\/div>\n    <\/div>\n    <\/div>\n    <\/div>\n    <\/div>    <div class=\"item wgl_col-12\">\n    <div class=\"blog-post format-standard-image\">\n    <div class=\"blog-post_wrapper\"><div class=\"blog-post_media\"><div class=\"blog-post_media_part\"><a href=\"https:\/\/indiyhca.com\/ar\/junoma-%d8%a7%d9%84%d8%a7%d8%a8%d8%aa%d9%83%d8%a7%d8%b1-%d9%88%d8%a7%d9%84%d9%86%d8%ac%d8%a7%d8%ad-%d9%81%d9%8a-%d9%83%d9%84-%d8%b9%d8%b1%d8%b6-%d8%aa%d9%82%d8%af%d9%8a%d9%85%d9%8a\/\" class=\"media-link image-overlay\"><img decoding=\"async\" src=\"https:\/\/indiyhca.com\/wp-content\/uploads\/2023\/05\/IMG_0172-scaled-1170x700-1-1170x700.webp\" alt=\"IMG_0172-scaled-1170&#215;700\"><\/a><\/div><span class=\"post_date\">\u0645\u0627\u064a\u0648 30, 2023<\/span><\/div>    <div class=\"blog-post_content\"><div class=\"post_meta-wrap\"><div class=\"meta-data\"><span class=\"post_categories\"><span><a  href=\"https:\/\/indiyhca.com\/ar\/category\/%d8%a7%d9%84%d9%81%d9%86%d8%a7%d9%86%d9%88%d9%86\/\" >\u0627\u0644\u0641\u0646\u0627\u0646\u0648\u0646<\/a><\/span><\/span><\/div><\/div><h3 class=\"blog-post_title\"><a href=\"https:\/\/indiyhca.com\/ar\/junoma-%d8%a7%d9%84%d8%a7%d8%a8%d8%aa%d9%83%d8%a7%d8%b1-%d9%88%d8%a7%d9%84%d9%86%d8%ac%d8%a7%d8%ad-%d9%81%d9%8a-%d9%83%d9%84-%d8%b9%d8%b1%d8%b6-%d8%aa%d9%82%d8%af%d9%8a%d9%85%d9%8a\/\">JUNOMA: \u0627\u0644\u0627\u0628\u062a\u0643\u0627\u0631 \u0648\u0627\u0644\u0646\u062c\u0627\u062d \u0641\u064a \u0643\u0644 \u0639\u0631\u0636 \u062a\u0642\u062f\u064a\u0645\u064a<\/a><\/h3><div class=\"blog-post_text\">\u0641\u064a \u0647\u0630\u0647 \u0627\u0644\u0641\u0639\u0627\u0644\u064a\u0629 \u0627\u0644\u062a\u064a \u0643\u0627\u0646 \u062c\u0648\u0646\u0648\u0645\u0627 \u0627\u0644\u0641\u0646\u0627\u0646 \u0627\u0644\u0631\u0626\u064a\u0633\u064a \u0641\u064a\u0647\u0627\u060c \u0623\u062b\u0628\u062a\u062a INDIYHCA \u0645\u0631\u0629 \u0623\u062e\u0631\u0649 \u0642\u062f\u0631\u062a\u0647\u0627 \u0639\u0644\u0649 \u062a\u0642\u062f\u064a\u0645 \u062a\u062c\u0627\u0631\u0628 \u0639\u0627\u0644\u064a\u0629 \u0627\u0644\u0645\u0633\u062a\u0648\u0649. \u0641\u0642\u062f \u0642\u062f\u0645 \u0627\u0644\u0645\u063a\u0646\u064a \u0648\u0643\u0627\u062a\u0628 \u0627\u0644\u0623\u063a\u0627\u0646\u064a \u0627\u0644\u0643\u0648\u0644\u0648\u0645\u0628\u064a\u060c \u0627\u0644\u0630\u064a \u0627\u0634\u062a\u0647\u0631 \u0628\u0623\u0633\u0644\u0648\u0628\u0647 \u0627\u0644\u0645\u0628\u062a\u0643\u0631 \u0648\u0627\u0644\u0641\u0631\u064a\u062f \u0645\u0646 \u0646\u0648\u0639\u0647\u060c...<\/div><div class=\"clear\"><\/div><div class=\"blog-post_footer\">            <div class=\"read-more-wrap\">\n                <a href=\"https:\/\/indiyhca.com\/ar\/junoma-%d8%a7%d9%84%d8%a7%d8%a8%d8%aa%d9%83%d8%a7%d8%b1-%d9%88%d8%a7%d9%84%d9%86%d8%ac%d8%a7%d8%ad-%d9%81%d9%8a-%d9%83%d9%84-%d8%b9%d8%b1%d8%b6-%d8%aa%d9%82%d8%af%d9%8a%d9%85%d9%8a\/\" class=\"button-read-more \"><span>\u0627\u0642\u0631\u0623 \u0627\u0644\u0645\u0632\u064a\u062f<\/span>                <\/a>\n            <\/div><div class=\"post_meta-wrap\"><\/div>    <\/div>\n    <\/div>\n    <\/div>\n    <\/div>\n    <\/div>    <div class=\"item wgl_col-12\">\n    <div class=\"blog-post format-standard-image\">\n    <div class=\"blog-post_wrapper\"><div class=\"blog-post_media\"><div class=\"blog-post_media_part\"><a href=\"https:\/\/indiyhca.com\/ar\/%d8%ac%d9%88%d9%8a-%d9%85%d9%88%d9%86%d8%aa%d8%a7%d9%86%d8%a7-%d8%b9%d8%b1%d8%b6-%d9%84%d8%a7-%d9%8a%d9%8f%d9%86%d8%b3%d9%89-%d8%a8%d9%84%d9%85%d8%b3%d8%a9-%d9%81%d8%b1%d9%8a%d8%af%d8%a9-%d9%85%d9%86\/\" class=\"media-link image-overlay\"><img decoding=\"async\" src=\"https:\/\/indiyhca.com\/wp-content\/uploads\/2023\/05\/IMG_0180-1170x700-1-1170x700.webp\" alt=\"IMG_0180-1170&#215;700\"><\/a><\/div><span class=\"post_date\">\u0645\u0627\u064a\u0648 30, 2023<\/span><\/div>    <div class=\"blog-post_content\"><div class=\"post_meta-wrap\"><div class=\"meta-data\"><span class=\"post_categories\"><span><a  href=\"https:\/\/indiyhca.com\/ar\/category\/%d8%a7%d9%84%d9%81%d9%86%d8%a7%d9%86%d9%88%d9%86\/\" >\u0627\u0644\u0641\u0646\u0627\u0646\u0648\u0646<\/a><\/span><\/span><\/div><\/div><h3 class=\"blog-post_title\"><a href=\"https:\/\/indiyhca.com\/ar\/%d8%ac%d9%88%d9%8a-%d9%85%d9%88%d9%86%d8%aa%d8%a7%d9%86%d8%a7-%d8%b9%d8%b1%d8%b6-%d9%84%d8%a7-%d9%8a%d9%8f%d9%86%d8%b3%d9%89-%d8%a8%d9%84%d9%85%d8%b3%d8%a9-%d9%81%d8%b1%d9%8a%d8%af%d8%a9-%d9%85%d9%86\/\">\u062c\u0648\u064a \u0645\u0648\u0646\u062a\u0627\u0646\u0627: \u0639\u0631\u0636 \u0644\u0627 \u064a\u064f\u0646\u0633\u0649 \u0628\u0644\u0645\u0633\u0629 \u0641\u0631\u064a\u062f\u0629 \u0645\u0646 \u0646\u0648\u0639\u0647\u0627 \u0645\u0646 INDIYHCA<\/a><\/h3><div class=\"blog-post_text\">\u0643\u0627\u0646 \u0647\u0630\u0627 \u0627\u0644\u062d\u062f\u062b \u0627\u0644\u0630\u064a \u062d\u0636\u0631\u0647 \u0627\u0644\u0641\u0646\u0627\u0646 \u0627\u0644\u0628\u0646\u0645\u064a \u062c\u0648\u064a \u0645\u0648\u0646\u062a\u0627\u0646\u0627 \u0623\u062d\u062f \u0623\u0628\u0631\u0632 \u0627\u0644\u0641\u0639\u0627\u0644\u064a\u0627\u062a \u0627\u0644\u062a\u064a \u0646\u0638\u0645\u0647\u0627 \u0627\u0644\u0645\u0639\u0647\u062f \u0627\u0644\u0648\u0637\u0646\u064a \u0627\u0644\u0647\u0646\u062f\u064a \u0644\u0644\u062b\u0642\u0627\u0641\u0629 \u0648\u0627\u0644\u0641\u0646\u0648\u0646 \u0627\u0644\u0625\u0646\u0633\u0627\u0646\u064a\u0629. \u0627\u0633\u062a\u0637\u0627\u0639 \u062c\u0648\u064a \u0628\u062c\u0627\u0630\u0628\u064a\u062a\u0647 \u0648\u0623\u063a\u0627\u0646\u064a\u0647 \u0627\u0644\u0631\u0627\u0626\u0639\u0629 \u0623\u0646 \u064a\u0623\u0633\u0631 \u062c\u0645\u064a\u0639 \u0627\u0644\u062d\u0627\u0636\u0631\u064a\u0646 \u0627\u0644\u0630\u064a\u0646 \u0644\u0645...<\/div><div class=\"clear\"><\/div><div class=\"blog-post_footer\">            <div class=\"read-more-wrap\">\n                <a href=\"https:\/\/indiyhca.com\/ar\/%d8%ac%d9%88%d9%8a-%d9%85%d9%88%d9%86%d8%aa%d8%a7%d9%86%d8%a7-%d8%b9%d8%b1%d8%b6-%d9%84%d8%a7-%d9%8a%d9%8f%d9%86%d8%b3%d9%89-%d8%a8%d9%84%d9%85%d8%b3%d8%a9-%d9%81%d8%b1%d9%8a%d8%af%d8%a9-%d9%85%d9%86\/\" class=\"button-read-more \"><span>\u0627\u0642\u0631\u0623 \u0627\u0644\u0645\u0632\u064a\u062f<\/span>                <\/a>\n            <\/div><div class=\"post_meta-wrap\"><\/div>    <\/div>\n    <\/div>\n    <\/div>\n    <\/div>\n    <\/div>    <div class=\"item wgl_col-12\">\n    <div class=\"blog-post format-standard-image\">\n    <div class=\"blog-post_wrapper\"><div class=\"blog-post_media\"><div class=\"blog-post_media_part\"><a href=\"https:\/\/indiyhca.com\/ar\/%d8%a7%d9%84%d8%a7%d9%81%d8%aa%d8%aa%d8%a7%d8%ad%d8%a7%d8%aa-%d8%a7%d9%84%d8%ae%d8%b7%d9%88%d8%a9-%d8%a7%d9%84%d8%a3%d9%88%d9%84%d9%89-%d9%86%d8%ad%d9%88-%d9%86%d8%ac%d8%a7%d8%ad-%d9%85%d8%b4%d8%b1\/\" class=\"media-link image-overlay\"><img decoding=\"async\" src=\"https:\/\/indiyhca.com\/wp-content\/uploads\/2023\/05\/evento2-1170x700.png\" alt=\"evento2\"><\/a><\/div><span class=\"post_date\">\u0645\u0627\u064a\u0648 30, 2023<\/span><\/div>    <div class=\"blog-post_content\"><div class=\"post_meta-wrap\"><div class=\"meta-data\"><span class=\"post_categories\"><span><a  href=\"https:\/\/indiyhca.com\/ar\/category\/%d8%a7%d9%84%d8%a7%d9%81%d8%aa%d8%aa%d8%a7%d8%ad%d8%a7%d8%aa\/\" >\u0627\u0644\u0627\u0641\u062a\u062a\u0627\u062d\u0627\u062a<\/a><\/span><\/span><\/div><\/div><h3 class=\"blog-post_title\"><a href=\"https:\/\/indiyhca.com\/ar\/%d8%a7%d9%84%d8%a7%d9%81%d8%aa%d8%aa%d8%a7%d8%ad%d8%a7%d8%aa-%d8%a7%d9%84%d8%ae%d8%b7%d9%88%d8%a9-%d8%a7%d9%84%d8%a3%d9%88%d9%84%d9%89-%d9%86%d8%ad%d9%88-%d9%86%d8%ac%d8%a7%d8%ad-%d9%85%d8%b4%d8%b1\/\">\u0627\u0644\u0627\u0641\u062a\u062a\u0627\u062d\u0627\u062a: \u0627\u0644\u062e\u0637\u0648\u0629 \u0627\u0644\u0623\u0648\u0644\u0649 \u0646\u062d\u0648 \u0646\u062c\u0627\u062d \u0645\u0634\u0631\u0648\u0639\u0643: \u0627\u0644\u062e\u0637\u0648\u0629 \u0627\u0644\u0623\u0648\u0644\u0649 \u0646\u062d\u0648 \u0646\u062c\u0627\u062d \u0645\u0634\u0631\u0648\u0639\u0643<\/a><\/h3><div class=\"blog-post_text\">\u062a\u0645\u062b\u0644 \u0627\u0644\u0627\u0641\u062a\u062a\u0627\u062d\u0627\u062a \u0628\u062f\u0627\u064a\u0629 \u0641\u0635\u0644 \u062c\u062f\u064a\u062f \u0644\u0623\u064a \u0639\u0645\u0644 \u0623\u0648 \u0645\u0634\u0631\u0648\u0639\u060c \u0648\u0646\u062d\u0646 \u0641\u064a INDIYHCA \u0646\u062f\u0631\u0643 \u0623\u0647\u0645\u064a\u0629 \u0625\u0646\u0634\u0627\u0621 \u0627\u0641\u062a\u062a\u0627\u062d \u0645\u0624\u062b\u0631 \u064a\u062a\u0631\u0643 \u0627\u0646\u0637\u0628\u0627\u0639\u0627\u064b \u062f\u0627\u0626\u0645\u0627\u064b. \u064a\u062a\u062e\u0635\u0635 \u0641\u0631\u064a\u0642\u0646\u0627 \u0641\u064a \u062a\u0635\u0645\u064a\u0645 \u0627\u0644\u0641\u0639\u0627\u0644\u064a\u0627\u062a \u0627\u0644\u062a\u064a \u0644\u0627 \u062a\u062d\u062a\u0641\u064a \u0628\u0627\u0644\u0627\u0641\u062a\u062a\u0627\u062d \u0641\u062d\u0633\u0628\u060c \u0628\u0644 \u062a\u0636\u0639 \u0639\u0644\u0627\u0645\u062a\u0643...<\/div><div class=\"clear\"><\/div><div class=\"blog-post_footer\">            <div class=\"read-more-wrap\">\n                <a href=\"https:\/\/indiyhca.com\/ar\/%d8%a7%d9%84%d8%a7%d9%81%d8%aa%d8%aa%d8%a7%d8%ad%d8%a7%d8%aa-%d8%a7%d9%84%d8%ae%d8%b7%d9%88%d8%a9-%d8%a7%d9%84%d8%a3%d9%88%d9%84%d9%89-%d9%86%d8%ad%d9%88-%d9%86%d8%ac%d8%a7%d8%ad-%d9%85%d8%b4%d8%b1\/\" class=\"button-read-more \"><span>\u0627\u0642\u0631\u0623 \u0627\u0644\u0645\u0632\u064a\u062f<\/span>                <\/a>\n            <\/div><div class=\"post_meta-wrap\"><\/div>    <\/div>\n    <\/div>\n    <\/div>\n    <\/div>\n    <\/div>    <div class=\"item wgl_col-12\">\n    <div class=\"blog-post format-standard-image\">\n    <div class=\"blog-post_wrapper\"><div class=\"blog-post_media\"><div class=\"blog-post_media_part\"><a href=\"https:\/\/indiyhca.com\/ar\/%d9%81%d8%b9%d8%a7%d9%84%d9%8a%d8%a7%d8%aa-%d8%a7%d9%84%d8%a3%d8%b9%d9%85%d8%a7%d9%84-%d8%aa%d8%b9%d8%b2%d9%8a%d8%b2-%d8%b9%d9%84%d8%a7%d9%85%d8%aa%d9%83-%d8%a7%d9%84%d8%aa%d8%ac%d8%a7%d8%b1%d9%8a\/\" class=\"media-link image-overlay\"><img decoding=\"async\" src=\"https:\/\/indiyhca.com\/wp-content\/uploads\/2023\/05\/evento-1170x700.png\" alt=\"evento\"><\/a><\/div><span class=\"post_date\">\u0645\u0627\u064a\u0648 30, 2023<\/span><\/div>    <div class=\"blog-post_content\"><div class=\"post_meta-wrap\"><div class=\"meta-data\"><span class=\"post_categories\"><span><a  href=\"https:\/\/indiyhca.com\/ar\/category\/%d9%81%d8%b9%d8%a7%d9%84%d9%8a%d8%a7%d8%aa-%d8%a7%d9%84%d8%a3%d8%b9%d9%85%d8%a7%d9%84\/\" >\u0641\u0639\u0627\u0644\u064a\u0627\u062a \u0627\u0644\u0623\u0639\u0645\u0627\u0644<\/a><\/span><\/span><\/div><\/div><h3 class=\"blog-post_title\"><a href=\"https:\/\/indiyhca.com\/ar\/%d9%81%d8%b9%d8%a7%d9%84%d9%8a%d8%a7%d8%aa-%d8%a7%d9%84%d8%a3%d8%b9%d9%85%d8%a7%d9%84-%d8%aa%d8%b9%d8%b2%d9%8a%d8%b2-%d8%b9%d9%84%d8%a7%d9%85%d8%aa%d9%83-%d8%a7%d9%84%d8%aa%d8%ac%d8%a7%d8%b1%d9%8a\/\">\u0641\u0639\u0627\u0644\u064a\u0627\u062a \u0627\u0644\u0623\u0639\u0645\u0627\u0644: \u062a\u0639\u0632\u064a\u0632 \u0639\u0644\u0627\u0645\u062a\u0643 \u0627\u0644\u062a\u062c\u0627\u0631\u064a\u0629 \u0645\u0646 \u062e\u0644\u0627\u0644 \u0641\u0639\u0627\u0644\u064a\u0627\u062a \u0646\u0627\u062c\u062d\u0629 \u0644\u0644\u0634\u0631\u0643\u0627\u062a<\/a><\/h3><div class=\"blog-post_text\">\u0641\u0639\u0627\u0644\u064a\u0627\u062a \u0627\u0644\u0634\u0631\u0643\u0627\u062a \u0647\u064a \u0641\u0631\u0635\u0629 \u0631\u0626\u064a\u0633\u064a\u0629 \u0644\u062a\u0639\u0632\u064a\u0632 \u0635\u0648\u0631\u0629 \u0639\u0644\u0627\u0645\u062a\u0643 \u0627\u0644\u062a\u062c\u0627\u0631\u064a\u0629 \u0648\u0627\u0644\u062a\u0648\u0627\u0635\u0644 \u0645\u0639 \u0627\u0644\u0639\u0645\u0644\u0627\u0621 \u0648\u062a\u0648\u0644\u064a\u062f \u0641\u0631\u0635 \u0639\u0645\u0644 \u062c\u062f\u064a\u062f\u0629. \u0641\u064a INDIYHCA\u060c \u0646\u062d\u0646 \u062e\u0628\u0631\u0627\u0621 \u0641\u064a \u062a\u0646\u0638\u064a\u0645 \u0641\u0639\u0627\u0644\u064a\u0627\u062a \u0627\u0644\u0634\u0631\u0643\u0627\u062a \u0627\u0644\u062a\u064a \u062a\u062a\u0631\u0643 \u0623\u062b\u0631\u0627\u064b \u0648\u062a\u062d\u0642\u0642 \u0646\u062a\u0627\u0626\u062c. \u0633\u0648\u0627\u0621 \u0643\u0627\u0646\u062a \u0641\u0639\u0627\u0644\u064a\u0629...<\/div><div class=\"clear\"><\/div><div class=\"blog-post_footer\">            <div class=\"read-more-wrap\">\n                <a href=\"https:\/\/indiyhca.com\/ar\/%d9%81%d8%b9%d8%a7%d9%84%d9%8a%d8%a7%d8%aa-%d8%a7%d9%84%d8%a3%d8%b9%d9%85%d8%a7%d9%84-%d8%aa%d8%b9%d8%b2%d9%8a%d8%b2-%d8%b9%d9%84%d8%a7%d9%85%d8%aa%d9%83-%d8%a7%d9%84%d8%aa%d8%ac%d8%a7%d8%b1%d9%8a\/\" class=\"button-read-more \"><span>\u0627\u0642\u0631\u0623 \u0627\u0644\u0645\u0632\u064a\u062f<\/span>                <\/a>\n            <\/div><div class=\"post_meta-wrap\"><\/div>    <\/div>\n    <\/div>\n    <\/div>\n    <\/div>\n    <\/div>    <div class=\"item wgl_col-12\">\n    <div class=\"blog-post format-standard-image\">\n    <div class=\"blog-post_wrapper\"><div class=\"blog-post_media\"><div class=\"blog-post_media_part\"><a href=\"https:\/\/indiyhca.com\/ar\/%d8%a8%d8%a7%d8%a8%d8%aa%d9%8a%d8%b2%d9%85%d8%b2-%d8%ae%d9%84%d9%82-%d8%a7%d8%ad%d8%aa%d9%81%d8%a7%d9%84%d8%a7%d8%aa-%d8%b0%d8%a7%d8%aa-%d9%85%d8%b9%d9%86%d9%89\/\" class=\"media-link image-overlay\"><img decoding=\"async\" src=\"https:\/\/indiyhca.com\/wp-content\/uploads\/2023\/05\/bautizo-1170x700.png\" alt=\"bautizo\"><\/a><\/div><span class=\"post_date\">\u0645\u0627\u064a\u0648 30, 2023<\/span><\/div>    <div class=\"blog-post_content\"><div class=\"post_meta-wrap\"><div class=\"meta-data\"><span class=\"post_categories\"><span><a  href=\"https:\/\/indiyhca.com\/ar\/category\/%d8%a8%d8%a7%d8%a8%d8%aa%d9%8a%d8%b3%d9%85%d8%b2\/\" >\u0628\u0627\u0628\u062a\u064a\u0633\u0645\u0632<\/a><\/span><\/span><\/div><\/div><h3 class=\"blog-post_title\"><a href=\"https:\/\/indiyhca.com\/ar\/%d8%a8%d8%a7%d8%a8%d8%aa%d9%8a%d8%b2%d9%85%d8%b2-%d8%ae%d9%84%d9%82-%d8%a7%d8%ad%d8%aa%d9%81%d8%a7%d9%84%d8%a7%d8%aa-%d8%b0%d8%a7%d8%aa-%d9%85%d8%b9%d9%86%d9%89\/\">\u0628\u0627\u0628\u062a\u064a\u0632\u0645\u0632: \u062e\u0644\u0642 \u0627\u062d\u062a\u0641\u0627\u0644\u0627\u062a \u0630\u0627\u062a \u0645\u0639\u0646\u0649<\/a><\/h3><div class=\"blog-post_text\">\u0627\u0644\u062a\u0639\u0645\u064a\u062f \u0647\u0648 \u0644\u062d\u0638\u0629 \u0645\u0644\u064a\u0626\u0629 \u0628\u0627\u0644\u0645\u0639\u0627\u0646\u064a \u0644\u0623\u064a \u0639\u0627\u0626\u0644\u0629\u060c \u0648\u0646\u062d\u0646 \u0641\u064a INDIYHCA \u0645\u062a\u062e\u0635\u0635\u0648\u0646 \u0641\u064a \u062a\u0646\u0638\u064a\u0645 \u062d\u0641\u0644\u0627\u062a \u0627\u0644\u062a\u0639\u0645\u064a\u062f \u0627\u0644\u0623\u0646\u064a\u0642\u0629 \u0627\u0644\u062a\u064a \u062a\u062c\u0645\u0639 \u0628\u064a\u0646 \u0627\u0644\u062f\u0641\u0621 \u0648\u0627\u0644\u0631\u0648\u062d\u0627\u0646\u064a\u0629 \u0648\u0627\u0644\u0639\u0627\u0637\u0641\u0629. \u0646\u062d\u0646 \u0646\u062f\u0631\u0643 \u0623\u0647\u0645\u064a\u0629 \u0647\u0630\u0627 \u0627\u0644\u062d\u062f\u062b\u060c \u0648\u0646\u0639\u0645\u0644 \u0639\u0644\u0649 \u062c\u0639\u0644\u0647 \u0627\u062d\u062a\u0641\u0627\u0644\u0627\u064b \u0644\u0627 \u064a\u064f\u0646\u0633\u0649...<\/div><div class=\"clear\"><\/div><div class=\"blog-post_footer\">            <div class=\"read-more-wrap\">\n                <a href=\"https:\/\/indiyhca.com\/ar\/%d8%a8%d8%a7%d8%a8%d8%aa%d9%8a%d8%b2%d9%85%d8%b2-%d8%ae%d9%84%d9%82-%d8%a7%d8%ad%d8%aa%d9%81%d8%a7%d9%84%d8%a7%d8%aa-%d8%b0%d8%a7%d8%aa-%d9%85%d8%b9%d9%86%d9%89\/\" class=\"button-read-more \"><span>\u0627\u0642\u0631\u0623 \u0627\u0644\u0645\u0632\u064a\u062f<\/span>                <\/a>\n            <\/div><div class=\"post_meta-wrap\"><\/div>    <\/div>\n    <\/div>\n    <\/div>\n    <\/div>\n    <\/div>    <div class=\"item wgl_col-12\">\n    <div class=\"blog-post format-standard-image\">\n    <div class=\"blog-post_wrapper\"><div class=\"blog-post_media\"><div class=\"blog-post_media_part\"><a href=\"https:\/\/indiyhca.com\/ar\/%d8%a3%d8%b9%d9%8a%d8%a7%d8%af-%d8%a7%d9%84%d9%85%d9%8a%d9%84%d8%a7%d8%af-%d9%83%d9%8a%d9%81-%d8%aa%d9%8f%d9%86%d8%b4%d8%a6-%d8%ad%d9%81%d9%84%d8%a7%d8%aa-%d9%84%d9%87%d8%a7-%d8%aa%d8%a3%d8%ab%d9%8a\/\" class=\"media-link image-overlay\"><img decoding=\"async\" src=\"https:\/\/indiyhca.com\/wp-content\/uploads\/2023\/05\/cumple-1170x700.png\" alt=\"cumple\"><\/a><\/div><span class=\"post_date\">\u0645\u0627\u064a\u0648 30, 2023<\/span><\/div>    <div class=\"blog-post_content\"><div class=\"post_meta-wrap\"><div class=\"meta-data\"><span class=\"post_categories\"><span><a  href=\"https:\/\/indiyhca.com\/ar\/category\/%d8%a3%d8%b9%d9%8a%d8%a7%d8%af-%d8%a7%d9%84%d9%85%d9%8a%d9%84%d8%a7%d8%af\/\" >\u0623\u0639\u064a\u0627\u062f \u0627\u0644\u0645\u064a\u0644\u0627\u062f<\/a><\/span><\/span><\/div><\/div><h3 class=\"blog-post_title\"><a href=\"https:\/\/indiyhca.com\/ar\/%d8%a3%d8%b9%d9%8a%d8%a7%d8%af-%d8%a7%d9%84%d9%85%d9%8a%d9%84%d8%a7%d8%af-%d9%83%d9%8a%d9%81-%d8%aa%d9%8f%d9%86%d8%b4%d8%a6-%d8%ad%d9%81%d9%84%d8%a7%d8%aa-%d9%84%d9%87%d8%a7-%d8%aa%d8%a3%d8%ab%d9%8a\/\">\u0623\u0639\u064a\u0627\u062f \u0627\u0644\u0645\u064a\u0644\u0627\u062f: \u0643\u064a\u0641 \u062a\u064f\u0646\u0634\u0626 \u062d\u0641\u0644\u0627\u062a \u0644\u0647\u0627 \u062a\u0623\u062b\u064a\u0631\u0647\u0627<\/a><\/h3><div class=\"blog-post_text\">\u0647\u0644 \u062a\u0628\u062d\u062b \u0639\u0646 \u0623\u0641\u0636\u0644 \u0637\u0631\u064a\u0642\u0629 \u0644\u0644\u0627\u062d\u062a\u0641\u0627\u0644 \u0628\u0639\u064a\u062f \u0645\u064a\u0644\u0627\u062f \u0645\u0645\u064a\u0632\u061f \u0646\u062d\u0646 \u0641\u064a INDIYHCA \u062e\u0628\u0631\u0627\u0621 \u0641\u064a \u062a\u0646\u0638\u064a\u0645 \u0623\u0639\u064a\u0627\u062f \u0627\u0644\u0645\u064a\u0644\u0627\u062f \u0627\u0644\u0645\u0635\u0645\u0645\u0629 \u062e\u0635\u064a\u0635\u0627\u064b \u0644\u062a\u0646\u0627\u0633\u0628 \u0631\u063a\u0628\u0627\u062a\u0643 \u0648\u062a\u062c\u0639\u0644 \u0643\u0644 \u0627\u062d\u062a\u0641\u0627\u0644 \u062d\u062f\u062b \u0644\u0627 \u064a\u064f\u0646\u0633\u0649. \u0646\u062d\u0646 \u0646\u0639\u0644\u0645 \u0623\u0646 \u0639\u064a\u062f \u0627\u0644\u0645\u064a\u0644\u0627\u062f \u0647\u0648 \u0623\u0643\u062b\u0631 \u0628\u0643\u062b\u064a\u0631 \u0645\u0646 \u0645\u062c\u0631\u062f...<\/div><div class=\"clear\"><\/div><div class=\"blog-post_footer\">            <div class=\"read-more-wrap\">\n                <a href=\"https:\/\/indiyhca.com\/ar\/%d8%a3%d8%b9%d9%8a%d8%a7%d8%af-%d8%a7%d9%84%d9%85%d9%8a%d9%84%d8%a7%d8%af-%d9%83%d9%8a%d9%81-%d8%aa%d9%8f%d9%86%d8%b4%d8%a6-%d8%ad%d9%81%d9%84%d8%a7%d8%aa-%d9%84%d9%87%d8%a7-%d8%aa%d8%a3%d8%ab%d9%8a\/\" class=\"button-read-more \"><span>\u0627\u0642\u0631\u0623 \u0627\u0644\u0645\u0632\u064a\u062f<\/span>                <\/a>\n            <\/div><div class=\"post_meta-wrap\"><\/div>    <\/div>\n    <\/div>\n    <\/div>\n    <\/div>\n    <\/div><\/div><\/div><ul class=\"wgl-pagination\"><li class='page'><span aria-current=\"page\" class=\"page-numbers current\">1<\/span><\/li><li class='page'><a class=\"page-numbers\" href=\"https:\/\/indiyhca.com\/ar\/wp-json\/wp\/v2\/pages\/5130\/page\/2\/\">2<\/a><\/li><li class='page'><a class=\"next page-numbers\" href=\"https:\/\/indiyhca.com\/ar\/wp-json\/wp\/v2\/pages\/5130\/page\/2\/\"><i class=\"wgl_pagination_next flaticon flaticon-right\"><\/i><\/a><\/li><\/ul><\/section>\t\t<\/div>\n\t\t\t\t<\/div>\n\t\t\t\t\t<\/div>\n\t\t<\/div>\n\t\t\t\t\t<\/div>\n\t\t<\/section>\n\t\t\t\t<\/div>\n\t\t","protected":false},"excerpt":{"rendered":"<p>mayo 30, 2023 ARTISTAS Los Rabanes: Rock y Fiesta en los Eventos de INDIYHCA Cuando Los Rabanes se presentaron en uno de los eventos organizados por INDIYHCA, el ambiente fue de pura energ\u00eda. La legendaria banda paname\u00f1a de rock latino encendi\u00f3 el escenario con sus poderosas&#8230; \u0627\u0642\u0631\u0623 \u0627\u0644\u0645\u0632\u064a\u062f mayo 30, 2023 ARTISTAS JUNOMA: Innovaci\u00f3n y [&hellip;]<\/p>\n","protected":false},"author":1,"featured_media":0,"parent":0,"menu_order":0,"comment_status":"closed","ping_status":"closed","template":"","meta":{"footnotes":""},"class_list":["post-5130","page","type-page","status-publish","hentry"],"_links":{"self":[{"href":"https:\/\/indiyhca.com\/ar\/wp-json\/wp\/v2\/pages\/5130"}],"collection":[{"href":"https:\/\/indiyhca.com\/ar\/wp-json\/wp\/v2\/pages"}],"about":[{"href":"https:\/\/indiyhca.com\/ar\/wp-json\/wp\/v2\/types\/page"}],"author":[{"embeddable":true,"href":"https:\/\/indiyhca.com\/ar\/wp-json\/wp\/v2\/users\/1"}],"replies":[{"embeddable":true,"href":"https:\/\/indiyhca.com\/ar\/wp-json\/wp\/v2\/comments?post=5130"}],"version-history":[{"count":2,"href":"https:\/\/indiyhca.com\/ar\/wp-json\/wp\/v2\/pages\/5130\/revisions"}],"predecessor-version":[{"id":5342,"href":"https:\/\/indiyhca.com\/ar\/wp-json\/wp\/v2\/pages\/5130\/revisions\/5342"}],"wp:attachment":[{"href":"https:\/\/indiyhca.com\/ar\/wp-json\/wp\/v2\/media?parent=5130"}],"curies":[{"name":"wp","href":"https:\/\/api.w.org\/{rel}","templated":true}]}}